{"id":115,"date":"2022-08-15T19:41:42","date_gmt":"2022-08-15T19:41:42","guid":{"rendered":"https:\/\/einundalles-design.de\/index.php\/leistungen\/"},"modified":"2026-03-12T16:38:36","modified_gmt":"2026-03-12T16:38:36","slug":"leistungen","status":"publish","type":"page","link":"https:\/\/einundalles-design.de\/index.php\/leistungen\/","title":{"rendered":"Leistungen"},"content":{"rendered":"\n    \n    <section class=\"u-carousel u-slide u-block-ca40-1\" id=\"carousel-4aa7\" data-image-width=\"1600\" data-image-height=\"1067\" data-interval=\"5000\" data-u-ride=\"carousel\">\n      <ol class=\"u-absolute-hcenter u-carousel-indicators u-block-ca40-2\">\n        <li data-u-target=\"#carousel-4aa7\" data-u-slide-to=\"0\" class=\"u-active u-grey-30\"><\/li>\n        <li data-u-target=\"#carousel-4aa7\" class=\"u-grey-30\" data-u-slide-to=\"1\"><\/li>\n        <li data-u-target=\"#carousel-4aa7\" class=\"u-grey-30\" data-u-slide-to=\"2\"><\/li>\n        <li data-u-target=\"#carousel-4aa7\" class=\"u-grey-30\" data-u-slide-to=\"3\"><\/li>\n      <\/ol>\n      <div class=\"u-carousel-inner\" role=\"listbox\">\n        <div class=\"u-active u-carousel-item u-clearfix u-image u-section-2-1\" data-image-width=\"1600\" data-image-height=\"1067\" style=\"background-image: url(&quot;https:\/\/einundalles-design.de\/wp-content\/uploads\/2022\/08\/MM_Logo11.jpg&quot;);\">\n          <div class=\"u-align-center u-container-align-center u-container-style u-group u-opacity u-opacity-45 u-palette-3-light-1 u-shape-rectangle u-group-1\">\n            <div class=\"u-container-layout u-container-layout-1\">\n              <h2 class=\"u-text u-text-body-alt-color u-text-1\">Corporate Design<\/h2>\n              <p class=\"u-large-text u-text u-text-body-alt-color u-text-variant u-text-2\"> Der Grundstein einer unverwechselbaren Marke<\/p>\n            <\/div>\n          <\/div>\n        <\/div>\n        <div class=\"u-carousel-item u-clearfix u-image u-section-2-2\" data-image-width=\"1000\" data-image-height=\"750\" style=\"background-image: url(&quot;https:\/\/einundalles-design.de\/wp-content\/uploads\/2022\/08\/UBIZ_bne1.jpg&quot;);\">\n          <div class=\"u-align-center u-container-align-center u-container-style u-grey-70 u-group u-opacity u-opacity-60 u-shape-rectangle u-group-1\">\n            <div class=\"u-container-layout u-container-layout-1\">\n              <h2 class=\"u-text u-text-1\">Grafik Design<\/h2>\n              <p class=\"u-large-text u-text u-text-variant u-text-2\">\u00dcberzeugende Gestaltung ist kein Zufall<\/p>\n            <\/div>\n          <\/div>\n        <\/div>\n        <div class=\"u-carousel-item u-clearfix u-image u-section-2-3\" data-image-width=\"1600\" data-image-height=\"1000\" style=\"background-image: url(&quot;https:\/\/einundalles-design.de\/wp-content\/uploads\/2022\/08\/DE_web12.jpg&quot;);\">\n          <div class=\"u-align-center u-container-align-center u-container-style u-group u-opacity u-opacity-80 u-palette-2-dark-1 u-shape-rectangle u-group-1\">\n            <div class=\"u-container-layout u-container-layout-1\">\n              <h2 class=\"u-text u-text-body-alt-color u-text-1\">Web Design<\/h2>\n              <p class=\"u-large-text u-text u-text-body-alt-color u-text-variant u-text-2\">Nutze dein volles Potential&nbsp;<br>mit einer effektiv geplanten Website \n              <\/p>\n            <\/div>\n          <\/div>\n        <\/div>\n        <div class=\"u-carousel-item u-clearfix u-image u-section-2-4\" data-image-width=\"1600\" data-image-height=\"1209\" style=\"background-image: url(&quot;https:\/\/einundalles-design.de\/wp-content\/uploads\/2022\/08\/JM_moodboard2.jpg&quot;);\">\n          <div class=\"u-align-center u-container-align-center u-container-style u-grey-70 u-group u-opacity u-opacity-60 u-shape-rectangle u-group-1\">\n            <div class=\"u-container-layout u-container-layout-1\">\n              <h2 class=\"u-text u-text-1\">Konzeption<\/h2>\n              <p class=\"u-large-text u-text u-text-variant u-text-2\">Planung &amp; Kreation aller visuellen Elemente<\/p>\n            <\/div>\n          <\/div>\n        <\/div>\n      <\/div>\n      <a class=\"u-absolute-vcenter u-carousel-control u-carousel-control-prev u-text-grey-30 u-block-ca40-3\" href=\"#carousel-4aa7\" role=\"button\" data-u-slide=\"prev\"><span aria-hidden=\"true\">\n          <svg viewBox=\"0 0 477.175 477.175\"><path d=\"M145.188,238.575l215.5-215.5c5.3-5.3,5.3-13.8,0-19.1s-13.8-5.3-19.1,0l-225.1,225.1c-5.3,5.3-5.3,13.8,0,19.1l225.1,225\n                    c2.6,2.6,6.1,4,9.5,4s6.9-1.3,9.5-4c5.3-5.3,5.3-13.8,0-19.1L145.188,238.575z\"><\/path><\/svg><\/span><span class=\"sr-only\">Previous<\/span>\n      <\/a>\n      <a class=\"u-absolute-vcenter u-carousel-control u-carousel-control-next u-text-grey-30 u-block-ca40-4\" href=\"#carousel-4aa7\" role=\"button\" data-u-slide=\"next\"><span aria-hidden=\"true\">\n          <svg viewBox=\"0 0 477.175 477.175\"><path d=\"M360.731,229.075l-225.1-225.1c-5.3-5.3-13.8-5.3-19.1,0s-5.3,13.8,0,19.1l215.5,215.5l-215.5,215.5\n                    c-5.3,5.3-5.3,13.8,0,19.1c2.6,2.6,6.1,4,9.5,4c3.4,0,6.9-1.3,9.5-4l225.1-225.1C365.931,242.875,365.931,234.275,360.731,229.075z\"><\/path><\/svg><\/span><span class=\"sr-only\">Next<\/span>\n      <\/a>\n    <\/section>\n    <section class=\"u-clearfix u-valign-top u-section-3\" id=\"sec-b47e\">\n      <div class=\"u-clearfix u-expanded-width u-layout-wrap u-layout-wrap-1\">\n        <div class=\"u-layout\">\n          <div class=\"u-layout-col\">\n            <div class=\"u-size-30\">\n              <div class=\"u-layout-col\">\n                <div class=\"u-container-style u-grey-75 u-layout-cell u-size-60 u-layout-cell-1\">\n                  <div class=\"u-container-layout u-valign-bottom u-container-layout-1\">\n                    <h2 class=\"u-align-center u-text u-text-default u-text-1\">Professionelles Design von der Expertin<br>\n                    <\/h2>\n                    <h3 class=\"u-align-center u-text u-text-default u-text-2\"> Kann ich das nicht einfach selbst machen?<\/h3>\n                    <p class=\"u-align-center u-large-text u-text u-text-variant u-text-3\">Gerade als kleineres Unternehmen oder als neu gestartete\/r Selbstst\u00e4ndige\/r ist man versucht, sich das Geld f\u00fcr ein professionelles Konzept &amp; Design erstmal zu sparen.&nbsp;<br>\n                      <br>Doch lohnt es sich wirklich eine durchdachte Gestaltung erst mal auf die lange Bank zu schieben?&nbsp;<br>\n                    <\/p>\n                  <\/div>\n                <\/div>\n              <\/div>\n            <\/div>\n            <div class=\"u-size-30\">\n              <div class=\"u-layout-row\">\n                <div class=\"u-container-style u-layout-cell u-size-30 u-layout-cell-2\">\n                  <div class=\"u-container-layout u-valign-top u-container-layout-2\"><span class=\"u-custom-color-6 u-file-icon u-icon u-icon-circle u-icon-1\"><img decoding=\"async\" src=\"https:\/\/einundalles-design.de\/wp-content\/uploads\/2022\/08\/24.png\" alt=\"\"><\/span>\n                    <h2 class=\"u-text u-text-default u-text-4\">Wertvolle Zeit sparen<\/h2>\n                    <p class=\"u-align-center u-custom-font u-heading-font u-text u-text-default u-text-5\"> \u201eEs ist nicht zu wenig Zeit, die wir haben,&nbsp;<br>sondern es ist zu viel Zeit, die wir nicht nutzen.\u201c<br>SENECA \n                    <\/p>\n                    <p class=\"u-align-center u-text u-text-6\">Eine T\u00e4tigkeit ist dann produktiv, wenn sie die verf\u00fcgbaren Mittel so nutzt, dass ein Mehrwert entsteht. Das bedeutet, dass es sinnvoller ist deine Zeit mit den Dingen zu verbringen, die du kannst, die dir Spa\u00df machen, mit denen du dein Geld verdienst. Gerade wenn man \"mal schnell\" was am Computer machen will, sind ruck zuck einige Stunden verstrichen. Konzentriere dich auf deine St\u00e4rken und \u00fcberlasse deinen Auftritt nach au\u00dfen einem Profi.&nbsp;<br>Klar musst du am Anfang auch erstmal etwas Zeit investieren, um mit mir gemeinsam ein stimmiges Konzept, ein ansprechendes Logo oder eine effiziente Website zu entwerfen. Aber die Zeit sparst du hinterher mehrfach ein, wenn du ein auf deine Zielgruppe ausgerichtetes Design hast und mit Konzept agieren kannst.<br>\n                    <\/p>\n                  <\/div>\n                <\/div>\n                <div class=\"u-container-style u-layout-cell u-size-30 u-layout-cell-3\">\n                  <div class=\"u-container-layout u-valign-top u-container-layout-3\"><span class=\"u-custom-color-5 u-file-icon u-icon u-icon-circle u-icon-2\"><img decoding=\"async\" src=\"https:\/\/einundalles-design.de\/wp-content\/uploads\/2022\/08\/25.png\" alt=\"\"><\/span>\n                    <h2 class=\"u-text u-text-default u-text-7\">Erfolg nach Plan<\/h2>\n                    <p class=\"u-align-center u-custom-font u-heading-font u-text u-text-default u-text-8\"> \u201cWer immer tut, was er schon kann,&nbsp;<br>bleibt immer das, was er schon ist.\u201d&nbsp;<br>HENRY FORD \n                    <\/p>\n                    <p class=\"u-align-center u-heading-font u-text u-text-9\">Statt endlos planlos vor sich hin zu arbeiten, k\u00f6nnen wir gemeinsam dem Hamsterrad entkommen - durch ein stimmiges, durchdachtes Konzept kannst du mit deinem Business \u00fcber dich hinauswachsen.<br>Zusammen erarbeiten wir deine Berufung. Wir besprechen deine Ziele und Visionen, analysieren dein Portfolio und helfen dir Strategien zu entwickeln, die dir helfen, erfolgreich zu sein.&nbsp;<br>Wo steckt das meiste Potential? Wie kannst du dich einzigartig positionieren? Wer ist \u00fcberhaupt dein Wunschkunde und wie k\u00f6nnen wir ihn ansprechen? Lass uns gemeinsam herausfinden, wo die Reise hingehen soll und muss, damit du erfolgreich und gl\u00fccklich dein Unternehmen f\u00fchren kannst. \n                    <\/p>\n                  <\/div>\n                <\/div>\n              <\/div>\n            <\/div>\n          <\/div>\n        <\/div>\n      <\/div>\n    <\/section>\n    <section class=\"u-clearfix u-section-4\" id=\"sec-cae9\">\n      <div class=\"u-clearfix u-expanded-width u-gutter-0 u-layout-spacing-top u-layout-wrap u-layout-wrap-1\">\n        <div class=\"u-layout\">\n          <div class=\"u-layout-row\">\n            <div class=\"u-align-left u-container-align-left u-container-style u-custom-color-6 u-layout-cell u-left-cell u-size-33 u-layout-cell-1\" src=\"\">\n              <div class=\"u-container-layout u-container-layout-1\">\n                <h1 class=\"u-text u-text-body-alt-color u-text-1\">Corporate Design<\/h1>\n                <p class=\"u-text u-text-2\"> Ein ansprechendes Design und gutes Branding ist wichtig f\u00fcr den Erfolg in deinem Business. Es hilft dir, dich authentisch und selbstbewusst nach au\u00dfen zeigen zu k\u00f6nnen und deine Zielgruppe richtig anzusprechen.&nbsp;<br>Zusammen gestalten wir deine einzigartige Marke und einen Stil, damit du mit deinem Angebot f\u00fcr deine Kunden sichtbar und erreichbar wirst.&nbsp;<br>Wir entwerfen deine Corporate Identity mit Logo, Farben, Schriften &amp; Style. Entdecke dein Potenzial und lass dein Erscheinungsbild f\u00fcr dich sprechen!<br>\n                <\/p>\n                <a href=\"https:\/\/einundalles-design.de\/index.php\/corporate-design\/\" class=\"u-border-2 u-border-white u-btn u-button-style u-btn-1\">MEHR ERFAHREN<\/a>\n              <\/div>\n            <\/div>\n            <div class=\"u-align-left u-container-align-left u-container-style u-image u-layout-cell u-right-cell u-size-27 u-image-1\" src=\"\" data-image-width=\"1600\" data-image-height=\"1200\" style=\"background-image: url(&quot;https:\/\/einundalles-design.de\/wp-content\/uploads\/2022\/08\/AQ_CorporateDesign.jpg&quot;);\">\n              <div class=\"u-container-layout u-valign-middle u-container-layout-2\"><\/div>\n            <\/div>\n          <\/div>\n        <\/div>\n      <\/div>\n    <\/section>\n    <section class=\"u-clearfix u-section-5\" id=\"carousel_7f07\">\n      <div class=\"u-clearfix u-expanded-width u-gutter-0 u-layout-spacing-top u-layout-wrap u-layout-wrap-1\">\n        <div class=\"u-layout\">\n          <div class=\"u-layout-row\">\n            <div class=\"u-align-left u-container-align-left u-container-style u-image u-layout-cell u-right-cell u-size-27 u-image-1\" src=\"\" data-image-width=\"1600\" data-image-height=\"993\" style=\"background-image: url(&quot;https:\/\/einundalles-design.de\/wp-content\/uploads\/2022\/08\/UBIZ_Heft1.jpg&quot;);\">\n              <div class=\"u-container-layout u-valign-middle u-container-layout-1\"><\/div>\n            <\/div>\n            <div class=\"u-align-left u-container-align-left u-container-style u-grey-75 u-layout-cell u-left-cell u-size-33 u-layout-cell-2\" src=\"\">\n              <div class=\"u-container-layout u-container-layout-2\">\n                <h1 class=\"u-text u-text-body-alt-color u-text-1\">Grafik Design<\/h1>\n                <p class=\"u-text u-text-2\">Der erste Eindruck z\u00e4hlt. Wenn potentielle Kunden mit deinem Unternehmen in Ber\u00fchrung kommen, treffen sie in den ersten Sekunden die Entscheidung, ob ihnen gef\u00e4llt, was sie sehen oder nicht. Ein gutes Design deiner Kommunikationsmittel l\u00e4sst deine Arbeitsweise als genauso professionell einsch\u00e4tzen.&nbsp;<br>Beim Grafik Design geht es heute nicht mehr nur um die Gestaltung von Flyer und Printprodukten. Die Erstellung von Inhalten f\u00fcr die digitale Welt geh\u00f6rt auch dazu und wird immer wichtiger. Bleibe wettbewerbsf\u00e4hig und verpasse nicht deinen Content auch f\u00fcr Social Media h\u00fcbsch und ansprechend zu verpacken. \n                <\/p>\n                <a href=\"https:\/\/einundalles-design.de\/index.php\/grafik-design\/\" class=\"u-border-2 u-border-white u-btn u-button-style u-btn-1\">MEHR ERFAHREN<\/a>\n              <\/div>\n            <\/div>\n          <\/div>\n        <\/div>\n      <\/div>\n    <\/section>\n    <section class=\"u-clearfix u-section-6\" id=\"carousel_dc9a\">\n      <div class=\"u-clearfix u-expanded-width u-gutter-0 u-layout-spacing-top u-layout-wrap u-layout-wrap-1\">\n        <div class=\"u-layout\">\n          <div class=\"u-layout-row\">\n            <div class=\"u-align-left u-container-align-left u-container-style u-custom-color-5 u-layout-cell u-left-cell u-size-33 u-layout-cell-1\" src=\"\">\n              <div class=\"u-container-layout u-container-layout-1\">\n                <h1 class=\"u-text u-text-body-alt-color u-text-1\">Web Design<\/h1>\n                <p class=\"u-text u-text-2\"> Eine durchdachte und \u00fcberzeugende Webseite spart dir Zeit und Nerven.<br>Gemeinsam erarbeiten wir eine durchdachte Struktur, auf der sich die Kunden einfach zurecht finden und die es dir erm\u00f6glicht, dich optimal zu pr\u00e4sentieren.&nbsp;<br>Die Webseite wird effizient aufgebaut, so dass die Elemente auf Dein Business ma\u00dfgeschneidert sind und auch auf Tablet oder Smartphone funktionieren.&nbsp;<br>\n                <\/p>\n                <a href=\"https:\/\/einundalles-design.de\/index.php\/web-design\/\" class=\"u-border-2 u-border-white u-btn u-button-style u-btn-1\">MEHR ERFAHREN<\/a>\n              <\/div>\n            <\/div>\n            <div class=\"u-align-left u-container-align-left u-container-style u-image u-layout-cell u-right-cell u-size-27 u-image-1\" src=\"\" data-image-width=\"1500\" data-image-height=\"1000\" style=\"background-image: url(&quot;https:\/\/einundalles-design.de\/wp-content\/uploads\/2022\/08\/OO_Web11.jpg&quot;);\">\n              <div class=\"u-container-layout u-valign-middle u-container-layout-2\"><\/div>\n            <\/div>\n          <\/div>\n        <\/div>\n      <\/div>\n    <\/section>\n    <section class=\"u-clearfix u-section-7\" id=\"carousel_699f\">\n      <div class=\"u-clearfix u-expanded-width u-gutter-0 u-layout-spacing-top u-layout-wrap u-layout-wrap-1\">\n        <div class=\"u-layout\">\n          <div class=\"u-layout-row\">\n            <div class=\"u-align-left u-container-align-left u-container-style u-image u-layout-cell u-right-cell u-size-27 u-image-1\" src=\"\" data-image-width=\"5000\" data-image-height=\"3000\" style=\"background-image: url(&quot;https:\/\/einundalles-design.de\/wp-content\/uploads\/2022\/08\/DE_Konzept.jpg&quot;);\">\n              <div class=\"u-container-layout u-valign-middle u-container-layout-1\"><\/div>\n            <\/div>\n            <div class=\"u-align-left u-container-align-left u-container-style u-grey-75 u-layout-cell u-left-cell u-size-33 u-layout-cell-2\" src=\"\">\n              <div class=\"u-container-layout u-container-layout-2\">\n                <h1 class=\"u-text u-text-body-alt-color u-text-1\">Konzeption<\/h1>\n                <p class=\"u-text u-text-2\"> Nur wer selbst wei\u00df, wo seine Schwerpunkte und die Vorteile seines Produktes oder seiner Dienstleistung liegen, kann dies seinen Kunden klar und verst\u00e4ndlich \u00fcber alle Online- und Offline-Kan\u00e4le kommunizieren.<br>\n                  <br>Wir k\u00f6nnen gemeinsam ein Konzept f\u00fcr ein bestimmtes Projekt erstellen und gestalten alle Werbekomponenten wie aus einem Guss. Oder wir betrachten dein komplettes Business und konzipieren von der Namensfindung bis zum finalen Auftritt alles ganzheitlich.<br>\n                  <br>Wir analysieren die Mitbewerber hinsichtlich ihrer St\u00e4rken und Schw\u00e4chen. Ich helfe dir dabei, dich optisch und inhaltlich abzuheben, um die Aufmerksamkeit auf dich und dein Business zu lenken.<br>\n                <\/p>\n                <a href=\"https:\/\/einundalles-design.de\/index.php\/konzeption\/\" class=\"u-border-2 u-border-white u-btn u-button-style u-btn-1\">MEHR ERFAHREN<\/a>\n              <\/div>\n            <\/div>\n          <\/div>\n        <\/div>\n      <\/div>\n    <\/section>\n    \n    \n    \n  \n","protected":false},"excerpt":{"rendered":"<p>Corporate Design Der Grundstein einer unverwechselbaren Marke Grafik Design \u00dcberzeugende Gestaltung ist kein Zufall Web Design Nutze dein volles Potential&nbsp;mit einer effektiv geplanten Website Konzeption Planung &amp; Kreation aller visuellen Elemente Previous Next Professionelles Design von der Expertin Kann ich das nicht einfach selbst machen? Gerade als kleineres Unternehmen oder als neu gestartete\/r Selbstst\u00e4ndige\/r ist &hellip; <a href=\"https:\/\/einundalles-design.de\/index.php\/leistungen\/\" class=\"more-link\">Continue reading<span class=\"screen-reader-text\"> &#8222;Leistungen&#8220;<\/span><\/a><\/p>\n","protected":false},"author":1,"featured_media":0,"parent":0,"menu_order":4,"comment_status":"closed","ping_status":"closed","template":"","meta":{"footnotes":""},"class_list":["post-115","page","type-page","status-publish","hentry"],"_links":{"self":[{"href":"https:\/\/einundalles-design.de\/index.php\/wp-json\/wp\/v2\/pages\/115","targetHints":{"allow":["GET"]}}],"collection":[{"href":"https:\/\/einundalles-design.de\/index.php\/wp-json\/wp\/v2\/pages"}],"about":[{"href":"https:\/\/einundalles-design.de\/index.php\/wp-json\/wp\/v2\/types\/page"}],"author":[{"embeddable":true,"href":"https:\/\/einundalles-design.de\/index.php\/wp-json\/wp\/v2\/users\/1"}],"replies":[{"embeddable":true,"href":"https:\/\/einundalles-design.de\/index.php\/wp-json\/wp\/v2\/comments?post=115"}],"version-history":[{"count":4,"href":"https:\/\/einundalles-design.de\/index.php\/wp-json\/wp\/v2\/pages\/115\/revisions"}],"predecessor-version":[{"id":2059,"href":"https:\/\/einundalles-design.de\/index.php\/wp-json\/wp\/v2\/pages\/115\/revisions\/2059"}],"wp:attachment":[{"href":"https:\/\/einundalles-design.de\/index.php\/wp-json\/wp\/v2\/media?parent=115"}],"curies":[{"name":"wp","href":"https:\/\/api.w.org\/{rel}","templated":true}]}}