{"id":121,"date":"2022-08-15T19:41:48","date_gmt":"2022-08-15T19:41:48","guid":{"rendered":"https:\/\/einundalles-design.de\/index.php\/ueber-mich\/"},"modified":"2026-03-12T16:35:20","modified_gmt":"2026-03-12T16:35:20","slug":"ueber-mich","status":"publish","type":"page","link":"https:\/\/einundalles-design.de\/index.php\/ueber-mich\/","title":{"rendered":"\u00dcber Mich"},"content":{"rendered":"\n    \n    <section class=\"u-clearfix u-image u-section-2\" id=\"carousel_8461\" style=\"background-image: url(&quot;https:\/\/einundalles-design.de\/wp-content\/uploads\/2022\/08\/ggh.jpg&quot;);\">\n      <div class=\"u-clearfix u-sheet u-valign-middle-lg u-valign-middle-md u-valign-middle-xl u-sheet-1\">\n        <div class=\"u-clearfix u-expanded-width u-layout-wrap u-layout-wrap-1\">\n          <div class=\"u-gutter-0 u-layout\">\n            <div class=\"u-layout-row\">\n              <div class=\"u-align-center-xs u-align-left-lg u-align-left-md u-align-left-sm u-align-left-xl u-container-style u-layout-cell u-size-25 u-layout-cell-1\">\n                <div class=\"u-container-layout u-container-layout-1\">\n                  <p class=\"u-text u-text-1\">Ich bin studierte Kommunikationsdesignerin, Fotografin, Mama, Bauherrin und vieles mehr...<br>\n                    <br>Manchmal bin ich ein bisschen chaotisch, was wahrscheinlich meiner Kreativit\u00e4t geschuldet ist - aber das l\u00e4sst mich immer neue Konzepte, Herangehensweisen und Ideen in meine Arbeit miteinbringen. <br>\n                    <br>Ich bin spontan, lustig und einf\u00fchlsam. Das hilft mir aus meinem Gegen\u00fcber all die Dinge rauszukitzeln, die nicht nur den Kunden ausmachen, sondern auch die Zielgruppe ansprechen.<br>\n                    <br>Meine Arbeitsweise folgt nicht nach einem Gestaltungsplan und ich mache Dinge nicht so, weil sie grad alle so machen. Mit meiner Erfahrung, ein bisschen Inutition und ganz viel Leidenschaft rocke ich jedes Projekt.<br>\n                  <\/p>\n                <\/div>\n              <\/div>\n              <div class=\"u-align-right u-container-align-right u-container-style u-image u-layout-cell u-size-35 u-image-1\" data-image-width=\"1067\" data-image-height=\"1600\" style=\"background-image: url(&quot;https:\/\/einundalles-design.de\/wp-content\/uploads\/2022\/08\/UlrichCarolin116054001P41DN171.jpg&quot;);\">\n                <div class=\"u-container-layout u-container-layout-2\">\n                  <div class=\"u-align-center-sm u-align-center-xs u-container-style u-group u-palette-2-base u-group-1\">\n                    <div class=\"u-container-layout u-valign-middle-xs u-container-layout-3\">\n                      <h5 class=\"u-custom-font u-font-pt-sans u-text u-text-2\">Heyho ich bin Caro<\/h5>\n                      <h2 class=\"u-custom-font u-text u-text-3\">Sch\u00f6n, dass du da bist !<\/h2>\n                    <\/div>\n                  <\/div>\n                <\/div>\n              <\/div>\n            <\/div>\n          <\/div>\n        <\/div>\n      <\/div>\n    <\/section>\n    <section class=\"skrollable u-align-center u-clearfix u-container-align-center u-image u-parallax u-shading u-section-3\" id=\"carousel_9b9e\" data-image-width=\"4823\" data-image-height=\"3648\" style=\"background-image: linear-gradient(0deg, rgba(0, 0, 0, 0.25), rgba(0, 0, 0, 0.25)), url(&quot;https:\/\/einundalles-design.de\/wp-content\/uploads\/2022\/08\/kristopher-roller-PC_lbSSxCZE-unsplash.jpg&quot;);\">\n      <div class=\"u-clearfix u-sheet u-sheet-1\">\n        <div class=\"u-border-8 u-border-white u-container-style u-expanded-width-xs u-group u-shape-circle u-group-1\">\n          <div class=\"u-container-layout u-valign-middle u-container-layout-1\">\n            <h3 class=\"u-align-center u-text u-text-body-alt-color u-text-1\">DER KREATIVE&nbsp;<br>ERWACHSENE IST EIN KIND DAS \u00dcBERLEBT HAT. \n            <\/h3>\n          <\/div>\n        <\/div>\n      <\/div>\n    <\/section>\n    <section class=\"u-clearfix u-section-4\" id=\"sec-4e06\">\n      <div class=\"u-clearfix u-sheet u-sheet-1\">\n        <div class=\"u-custom-color-8 u-expanded-height u-shape u-shape-rectangle u-shape-1\"><\/div>\n        <div class=\"data-layout-selected u-clearfix u-expanded-width-lg u-expanded-width-xl u-gutter-0 u-layout-spacing-vertical u-layout-wrap u-layout-wrap-1\">\n          <div class=\"u-layout\">\n            <div class=\"u-layout-row\">\n              <div class=\"u-size-20 u-size-60-md\">\n                <div class=\"u-layout-row\">\n                  <div class=\"u-container-style u-layout-cell u-left-cell u-size-60 u-layout-cell-1\" src=\"\">\n                    <div class=\"u-container-layout u-valign-top u-container-layout-1\">\n                      <img decoding=\"async\" class=\"u-expanded-width u-image u-image-1\" data-image-width=\"1200\" data-image-height=\"1600\" src=\"https:\/\/einundalles-design.de\/wp-content\/uploads\/2022\/08\/caro_11.jpg\">\n                    <\/div>\n                  <\/div>\n                <\/div>\n              <\/div>\n              <div class=\"u-size-40 u-size-60-md\">\n                <div class=\"u-layout-col\">\n                  <div class=\"u-size-40\">\n                    <div class=\"u-layout-row\">\n                      <div class=\"u-align-left u-container-align-left u-container-style u-layout-cell u-right-cell u-size-60 u-layout-cell-2\">\n                        <div class=\"u-container-layout u-valign-middle u-container-layout-2\">\n                          <h1 class=\"u-custom-font u-text u-text-custom-color-11 u-text-1\"> Noch ein paar Worte zu mir\u2026 <\/h1>\n                        <\/div>\n                      <\/div>\n                    <\/div>\n                  <\/div>\n                  <div class=\"u-size-20\">\n                    <div class=\"u-layout-row\">\n                      <div class=\"u-align-left u-container-align-left u-container-style u-layout-cell u-size-30 u-layout-cell-3\">\n                        <div class=\"u-container-layout u-valign-top u-container-layout-3\">\n                          <p class=\"u-text u-text-custom-color-11 u-text-2\"> Ich mag es total in fremde Kulturen einzutauchen, als kleines M\u00e4dchen wollte ich immer&nbsp;unbedingt mal nach Indien.<br>Das steht immer noch auf der Liste meiner Wunsch-Reiseziele, obwohl ich schon viele tolle Orte bereisen durfte.<br>Im Moment steht das Reisen auch etwas zur\u00fcck, da ich mir mit meinem Mann zusammen eine alte Schreinerei gekauft habe, die wir zum Wohnhaus mit B\u00fcro und kleinem Studio umgebaut haben. Ich bin also auch Bauherrin. Hier kann ich mich wieder kreativ ausleben \u2013 wir haben alles komplett selbst geplant. \n                          <\/p>\n                        <\/div>\n                      <\/div>\n                      <div class=\"u-align-left u-container-align-left u-container-style u-layout-cell u-right-cell u-size-30 u-layout-cell-4\">\n                        <div class=\"u-container-layout u-valign-top u-container-layout-4\">\n                          <p class=\"u-text u-text-custom-color-11 u-text-3\"> Ich bin eher diejenige, die den Bohrhammer schwingt, als diejenige, die die Schnittchen schmiert (obwohl ich das auch mache\u2026). Au\u00dferdem bin ich ein Genuss- und Gef\u00fchlsmensch. Lecker Essen, Freunde treffen, Familienfeste, ein gutes Glas Wein, Lagerfeuer, Kaffeeklatsch mit den M\u00e4dels, \u2026 und ich bin gl\u00fccklich.<br>\n                            <br>Au\u00dferdem bin ich auch noch Mama von zwei kleinen T\u00f6chtern. Es ist zwar nicht immer leicht, die Selbstst\u00e4ndigkeit mit der Familie zu vereinbaren, aber ich k\u00f6nnte mir trotzdem nichts Sch\u00f6neres vorstellen. \n                          <\/p>\n                        <\/div>\n                      <\/div>\n                    <\/div>\n                  <\/div>\n                <\/div>\n              <\/div>\n            <\/div>\n          <\/div>\n        <\/div>\n      <\/div>\n    <\/section>\n    \n    \n    \n  \n","protected":false},"excerpt":{"rendered":"<p>Ich bin studierte Kommunikationsdesignerin, Fotografin, Mama, Bauherrin und vieles mehr&#8230; Manchmal bin ich ein bisschen chaotisch, was wahrscheinlich meiner Kreativit\u00e4t geschuldet ist &#8211; aber das l\u00e4sst mich immer neue Konzepte, Herangehensweisen und Ideen in meine Arbeit miteinbringen. Ich bin spontan, lustig und einf\u00fchlsam. Das hilft mir aus meinem Gegen\u00fcber all die Dinge rauszukitzeln, die nicht &hellip; <a href=\"https:\/\/einundalles-design.de\/index.php\/ueber-mich\/\" class=\"more-link\">Continue reading<span class=\"screen-reader-text\"> &#8222;\u00dcber Mich&#8220;<\/span><\/a><\/p>\n","protected":false},"author":1,"featured_media":0,"parent":0,"menu_order":10,"comment_status":"closed","ping_status":"closed","template":"","meta":{"footnotes":""},"class_list":["post-121","page","type-page","status-publish","hentry"],"_links":{"self":[{"href":"https:\/\/einundalles-design.de\/index.php\/wp-json\/wp\/v2\/pages\/121","targetHints":{"allow":["GET"]}}],"collection":[{"href":"https:\/\/einundalles-design.de\/index.php\/wp-json\/wp\/v2\/pages"}],"about":[{"href":"https:\/\/einundalles-design.de\/index.php\/wp-json\/wp\/v2\/types\/page"}],"author":[{"embeddable":true,"href":"https:\/\/einundalles-design.de\/index.php\/wp-json\/wp\/v2\/users\/1"}],"replies":[{"embeddable":true,"href":"https:\/\/einundalles-design.de\/index.php\/wp-json\/wp\/v2\/comments?post=121"}],"version-history":[{"count":3,"href":"https:\/\/einundalles-design.de\/index.php\/wp-json\/wp\/v2\/pages\/121\/revisions"}],"predecessor-version":[{"id":2058,"href":"https:\/\/einundalles-design.de\/index.php\/wp-json\/wp\/v2\/pages\/121\/revisions\/2058"}],"wp:attachment":[{"href":"https:\/\/einundalles-design.de\/index.php\/wp-json\/wp\/v2\/media?parent=121"}],"curies":[{"name":"wp","href":"https:\/\/api.w.org\/{rel}","templated":true}]}}